{"id":377,"date":"2018-04-10T15:47:54","date_gmt":"2018-04-10T15:47:54","guid":{"rendered":"https:\/\/www.sparringpartners.ch\/?page_id=377"},"modified":"2021-11-09T00:39:08","modified_gmt":"2021-11-09T00:39:08","slug":"360-reputation-management","status":"publish","type":"page","link":"https:\/\/spdev.netgen.host\/de\/360-reputation-management\/","title":{"rendered":"360 \u00b0 Reputation Management"},"content":{"rendered":"<p>[et_pb_section fb_built=&#8220;1&#8243; _builder_version=&#8220;4.13.0&#8243; background_color=&#8220;#2c2c2c&#8220; global_colors_info=&#8220;{}&#8220;][et_pb_row _builder_version=&#8220;4.13.0&#8243; background_size=&#8220;initial&#8220; background_position=&#8220;top_left&#8220; background_repeat=&#8220;repeat&#8220; max_width=&#8220;994px&#8220; global_colors_info=&#8220;{}&#8220;][et_pb_column type=&#8220;4_4&#8243; _builder_version=&#8220;3.25&#8243; custom_padding=&#8220;|||&#8220; global_colors_info=&#8220;{}&#8220; custom_padding__hover=&#8220;|||&#8220;][et_pb_text _builder_version=&#8220;4.13.0&#8243; header_text_color=&#8220;#FFFFFF&#8220; header_font_size=&#8220;34px&#8220; header_line_height=&#8220;1.2em&#8220; max_width=&#8220;633px&#8220; hover_enabled=&#8220;0&#8243; global_colors_info=&#8220;{}&#8220; sticky_enabled=&#8220;0&#8243;]<\/p>\n<h1>360\u00b0 Reputation Management bei Sparring Partners<\/h1>\n<p>[\/et_pb_text][\/et_pb_column][\/et_pb_row][et_pb_row _builder_version=&#8220;4.13.0&#8243; _module_preset=&#8220;default&#8220; max_width=&#8220;994px&#8220; module_alignment=&#8220;center&#8220; custom_padding=&#8220;0px||0px||false|false&#8220; global_colors_info=&#8220;{}&#8220;][et_pb_column type=&#8220;4_4&#8243; _builder_version=&#8220;4.13.0&#8243; _module_preset=&#8220;default&#8220; global_colors_info=&#8220;{}&#8220;][et_pb_text _builder_version=&#8220;4.13.0&#8243; _module_preset=&#8220;default&#8220; text_font=&#8220;Akzidenz-Grotesk Pro -bold||||||||&#8220; text_text_color=&#8220;#FFFFFF&#8220; max_width=&#8220;808px&#8220; custom_padding=&#8220;0px||0px||false|false&#8220; hover_enabled=&#8220;0&#8243; global_colors_info=&#8220;{}&#8220; sticky_enabled=&#8220;0&#8243;]<\/p>\n<p>Mit ihrer <strong>360\u00b0 Methodologie unterst\u00fctzt Sparring Partners<\/strong> ihre Kunden bei der Verankerung des systemischen Reputation Management-Ansatzes innerhalb der Organisation und Unternehmenskultur.<\/p>\n<p>[\/et_pb_text][\/et_pb_column][\/et_pb_row][et_pb_row column_structure=&#8220;1_4,1_4,1_4,1_4&#8243; use_custom_gutter=&#8220;on&#8220; gutter_width=&#8220;2&#8243; _builder_version=&#8220;4.13.0&#8243; background_size=&#8220;initial&#8220; background_position=&#8220;top_left&#8220; background_repeat=&#8220;repeat&#8220; max_width=&#8220;994px&#8220; global_colors_info=&#8220;{}&#8220;][et_pb_column type=&#8220;1_4&#8243; _builder_version=&#8220;3.25&#8243; custom_padding=&#8220;|||&#8220; global_colors_info=&#8220;{}&#8220; custom_padding__hover=&#8220;|||&#8220;][et_pb_text _builder_version=&#8220;4.13.0&#8243; _module_preset=&#8220;default&#8220; text_text_color=&#8220;#FFFFFF&#8220; hover_enabled=&#8220;0&#8243; global_colors_info=&#8220;{}&#8220; sticky_enabled=&#8220;0&#8243;]<\/p>\n<p>Basierend auf einer qualitativen Untersuchung unter den Stakeholders zur aktuellen Reputation der Organisation und ermittelter Defizite entwickelt Sparring Partners ein holistisches Programm, welches alle Stakeholder und ihre Erwartungen gegen\u00fcber der Organisation im Hinblick auf die sogenannten Reputationstreiber wie Unternehmenskultur, Verantwortung, Qualit\u00e4t, Innovation, Kommunikation, Governance und Compliance umfasst.<\/p>\n<p>[\/et_pb_text][\/et_pb_column][et_pb_column type=&#8220;1_4&#8243; _builder_version=&#8220;3.25&#8243; custom_padding=&#8220;|||&#8220; global_colors_info=&#8220;{}&#8220; custom_padding__hover=&#8220;|||&#8220;][et_pb_text _builder_version=&#8220;4.13.0&#8243; _module_preset=&#8220;default&#8220; text_text_color=&#8220;#FFFFFF&#8220; hover_enabled=&#8220;0&#8243; global_colors_info=&#8220;{}&#8220; sticky_enabled=&#8220;0&#8243;]<\/p>\n<p>In einem darauffolgenden Schritt unterst\u00fctzt Sparring Partners ihre Kunden beim Top-down Training der Mitarbeiter, um eine konsistente Implementation zu gew\u00e4hrleisten. Jeder Mitarbeiter\/In erh\u00e4lt eine Weisung zur Implementation und Umsetzung des Programms in seinem\/ihrem Aufgabengebiet. Obwohl ein Manager oder ein Rezeptionist beispielsweise v\u00f6llig unterschiedliche Aufgabengebiete haben, sollten sie auf Basis derselben Prinzipien und eines allseits verbindlichen Verhaltenskodexes handeln.<\/p>\n<p>[\/et_pb_text][\/et_pb_column][et_pb_column _builder_version=&#8220;4.13.0&#8243; _module_preset=&#8220;default&#8220; type=&#8220;1_4&#8243;][et_pb_text _builder_version=&#8220;4.13.0&#8243; _module_preset=&#8220;default&#8220; text_text_color=&#8220;#FFFFFF&#8220; hover_enabled=&#8220;0&#8243; global_colors_info=&#8220;{}&#8220; sticky_enabled=&#8220;0&#8243;]<\/p>\n<p>Nur dann kann eine solide und konsistente Reputation \u00fcber die Zeit hinweg aufgebaut werden. Folge-Erhebungen messen den Fortschritt des Programms und bringen weiteres Potenzial zur Verbesserung zu Tage. Sparring Partners hat ihre einzigartige Methodologie schon mehrfach unter Einbezug des Reputation Risk Managements in verschiedenen Branchen erfolgreich angewandt.<\/p>\n<p>[\/et_pb_text][\/et_pb_column][et_pb_column type=&#8220;1_4&#8243; _builder_version=&#8220;3.25&#8243; custom_padding=&#8220;|||&#8220; global_colors_info=&#8220;{}&#8220; custom_padding__hover=&#8220;|||&#8220;][et_pb_testimonial author=&#8220;Bernhard Bauhofer&#8220; quote_icon=&#8220;off&#8220; _builder_version=&#8220;4.13.0&#8243; _module_preset=&#8220;default&#8220; body_text_color=&#8220;#2c2c2c&#8220; author_font=&#8220;|700||on|||||&#8220; author_text_color=&#8220;#2c2c2c&#8220; background_color=&#8220;#ddff00&#8243; custom_padding=&#8220;20px|20px|20px|20px|false|false&#8220; hover_enabled=&#8220;0&#8243; global_colors_info=&#8220;{}&#8220; sticky_enabled=&#8220;0&#8243;]<\/p>\n<p>\u201eEin konsequent umgesetztes Reputation Management Programm sichert jedem Unternehmen \u2013 unabh\u00e4ngig von Gr\u00f6sse und Branche \u2013 eine f\u00fchrende Stellung als Arbeitgeber, Gesch\u00e4ftspartner und Corporate Citizen in Zeiten von Diversit\u00e4t, Gleichstellung der Geschlechter, Employer Branding und wachsendem \u00f6kologischen Bewusstsein\u201c<\/p>\n<p>[\/et_pb_testimonial][\/et_pb_column][\/et_pb_row][\/et_pb_section][et_pb_section fb_built=&#8220;1&#8243; fullwidth=&#8220;on&#8220; _builder_version=&#8220;4.13.0&#8243; background_color=&#8220;#ddff00&#8243; global_colors_info=&#8220;{}&#8220;][et_pb_fullwidth_slider _builder_version=&#8220;4.13.0&#8243; background_enable_color=&#8220;off&#8220; custom_padding=&#8220;85px||100px||false|false&#8220; hover_enabled=&#8220;0&#8243; global_colors_info=&#8220;{}&#8220; button_text_size__hover_enabled=&#8220;off&#8220; button_one_text_size__hover_enabled=&#8220;off&#8220; button_two_text_size__hover_enabled=&#8220;off&#8220; button_text_color__hover_enabled=&#8220;off&#8220; button_one_text_color__hover_enabled=&#8220;off&#8220; button_two_text_color__hover_enabled=&#8220;off&#8220; button_border_width__hover_enabled=&#8220;off&#8220; button_one_border_width__hover_enabled=&#8220;off&#8220; button_two_border_width__hover_enabled=&#8220;off&#8220; button_border_color__hover_enabled=&#8220;off&#8220; button_one_border_color__hover_enabled=&#8220;off&#8220; button_two_border_color__hover_enabled=&#8220;off&#8220; button_border_radius__hover_enabled=&#8220;off&#8220; button_one_border_radius__hover_enabled=&#8220;off&#8220; button_two_border_radius__hover_enabled=&#8220;off&#8220; button_letter_spacing__hover_enabled=&#8220;off&#8220; button_one_letter_spacing__hover_enabled=&#8220;off&#8220; button_two_letter_spacing__hover_enabled=&#8220;off&#8220; button_bg_color__hover_enabled=&#8220;off&#8220; button_one_bg_color__hover_enabled=&#8220;off&#8220; button_two_bg_color__hover_enabled=&#8220;off&#8220; sticky_enabled=&#8220;0&#8243;][et_pb_slide heading=&#8220;Sparring Partners has been pioneering the holistic application of Reputation Management. &#8220; use_bg_overlay=&#8220;off&#8220; use_text_overlay=&#8220;off&#8220; _builder_version=&#8220;4.13.0&#8243; header_font=&#8220;|||on|||||&#8220; header_text_color=&#8220;#2c2c2c&#8220; header_font_size=&#8220;37px&#8220; header_letter_spacing=&#8220;0px&#8220; body_font=&#8220;|||on|||||&#8220; body_text_color=&#8220;#2c2c2c&#8220; background_color=&#8220;#ddff00&#8243; background_enable_color=&#8220;on&#8220; background_color_gradient_start=&#8220;#00343a&#8220; background_color_gradient_end=&#8220;#147a67&#8243; background_color_gradient_direction=&#8220;206deg&#8220; button_on_hover=&#8220;on&#8220; max_width=&#8220;1400px&#8220; hover_enabled=&#8220;0&#8243; header_font_size_tablet=&#8220;34&#8243; header_font_size_phone=&#8220;34&#8243; global_colors_info=&#8220;{}&#8220; button_text_size__hover_enabled=&#8220;off&#8220; button_one_text_size__hover_enabled=&#8220;off&#8220; button_two_text_size__hover_enabled=&#8220;off&#8220; button_text_color__hover_enabled=&#8220;off&#8220; button_one_text_color__hover_enabled=&#8220;off&#8220; button_two_text_color__hover_enabled=&#8220;off&#8220; button_border_width__hover_enabled=&#8220;off&#8220; button_one_border_width__hover_enabled=&#8220;off&#8220; button_two_border_width__hover_enabled=&#8220;off&#8220; button_border_color__hover_enabled=&#8220;off&#8220; button_one_border_color__hover_enabled=&#8220;off&#8220; button_two_border_color__hover_enabled=&#8220;off&#8220; button_border_radius__hover_enabled=&#8220;off&#8220; button_one_border_radius__hover_enabled=&#8220;off&#8220; button_two_border_radius__hover_enabled=&#8220;off&#8220; button_letter_spacing__hover_enabled=&#8220;off&#8220; button_one_letter_spacing__hover_enabled=&#8220;off&#8220; button_two_letter_spacing__hover_enabled=&#8220;off&#8220; button_bg_color__hover_enabled=&#8220;off&#8220; button_one_bg_color__hover_enabled=&#8220;off&#8220; button_two_bg_color__hover_enabled=&#8220;off&#8220; sticky_transition=&#8220;on&#8220; sticky_enabled=&#8220;0&#8243;]Sparring Partners ist der Pionier f\u00fcr ganzheitlich umgesetztes Reputation Management. Im Reputation Management- Businessmodel werden die Faktoren <em>Innovation<\/em> , <em>Kommunikation\/CI\/CD, Corporate Responsibility, Corporate Governance \/HR-Management <\/em>und <em>&nbsp;CEO<\/em> konzertiert eingesetzt.[\/et_pb_slide][\/et_pb_fullwidth_slider][\/et_pb_section][et_pb_section fb_built=&#8220;1&#8243; _builder_version=&#8220;3.22&#8243; global_colors_info=&#8220;{}&#8220;][et_pb_row column_structure=&#8220;2_3,1_3&#8243; _builder_version=&#8220;4.13.0&#8243; background_size=&#8220;initial&#8220; background_position=&#8220;top_left&#8220; background_repeat=&#8220;repeat&#8220; global_colors_info=&#8220;{}&#8220;][et_pb_column type=&#8220;2_3&#8243; _builder_version=&#8220;3.25&#8243; custom_padding=&#8220;|||&#8220; global_colors_info=&#8220;{}&#8220; custom_padding__hover=&#8220;|||&#8220;][et_pb_image src=&#8220;https:\/\/spdev.netgen.host\/wp-content\/uploads\/2021\/11\/Group-152.png&#8220; title_text=&#8220;Group 152&#8243; show_in_lightbox=&#8220;on&#8220; align_tablet=&#8220;center&#8220; align_phone=&#8220;center&#8220; align_last_edited=&#8220;on|desktop&#8220; _builder_version=&#8220;4.13.0&#8243; max_width=&#8220;80%&#8220; module_alignment=&#8220;center&#8220; always_center_on_mobile=&#8220;on&#8220; global_colors_info=&#8220;{}&#8220;][\/et_pb_image][\/et_pb_column][et_pb_column type=&#8220;1_3&#8243; _builder_version=&#8220;3.25&#8243; custom_padding=&#8220;|||&#8220; global_colors_info=&#8220;{}&#8220; custom_padding__hover=&#8220;|||&#8220;][et_pb_text module_class=&#8220;managment-focus&#8220; _builder_version=&#8220;4.13.0&#8243; text_text_color=&#8220;#2c2c2c&#8220; header_2_font=&#8220;Akzidenz-Grotesk Pro &#8211; regular|700|||||||&#8220; header_2_text_color=&#8220;#2c2c2c&#8220; header_2_font_size=&#8220;20px&#8220; header_2_line_height=&#8220;1.2em&#8220; max_width=&#8220;379px&#8220; hover_enabled=&#8220;0&#8243; global_colors_info=&#8220;{}&#8220; sticky_enabled=&#8220;0&#8243;]<\/p>\n<h2>Um unserem Firmennamen gerecht zu werden, unterst\u00fctzen wir unsere Kunden mit Verve und Fokus in allen Phasen des Reputation Management:<\/h2>\n<ol>\n<li>Erhebung der Ist-Reputation bei allen Stakeholder<\/li>\n<li>Reputation Management Workshop<\/li>\n<li>Entwicklung der Soll-Reputation<\/li>\n<li>Ermittlung des Reputation-Gap durch Gegen\u00fcberstellung von Ist- und Soll-Reputation<\/li>\n<li>Entwicklung eines 360\u00b0 Corporate &amp; CEO Reputation Management-Programms<\/li>\n<li>Support Umsetzung<\/li>\n<li>Laufender Audit und Anpassungen<\/li>\n<\/ol>\n<p>[\/et_pb_text][\/et_pb_column][\/et_pb_row][et_pb_row _builder_version=&#8220;4.13.0&#8243; background_size=&#8220;initial&#8220; background_position=&#8220;top_left&#8220; background_repeat=&#8220;repeat&#8220; max_width=&#8220;1100px&#8220; global_colors_info=&#8220;{}&#8220;][et_pb_column type=&#8220;4_4&#8243; _builder_version=&#8220;3.25&#8243; custom_padding=&#8220;|||&#8220; global_colors_info=&#8220;{}&#8220; custom_padding__hover=&#8220;|||&#8220;][et_pb_text _builder_version=&#8220;4.13.0&#8243; text_text_color=&#8220;#2c2c2c&#8220; header_text_color=&#8220;#2c2c2c&#8220; header_2_text_color=&#8220;#2c2c2c&#8220; header_2_font_size=&#8220;34px&#8220; hover_enabled=&#8220;0&#8243; global_colors_info=&#8220;{}&#8220; sticky_enabled=&#8220;0&#8243;]<\/p>\n<h2>Das Resultat:<br \/>Das Stakeholder Value-Unternehmen<\/h2>\n<p>\nIm Stakeholder Value-Unternehmen ist die einzigartige F\u00e4higkeit verankert, mit allen internen (Mitarbeiter, Aktion\u00e4re) und externen Stakeholder (Kunden, NGOs, Medien) in der Wertsch\u00f6pfung eine <strong>Win-Win-Beziehung<\/strong> zu schmieden und diese nachhaltig zu sichern. Dadurch erreicht das Unternehmen seine Ziele effizienter, es ist resistenter gegen\u00fcber Krisen und erh\u00f6ht sein Ansehen als Corporate Citizen.<\/p>\n<p><i>Die Transformation vom Shareholder Value- zum Stakeholder Value- Unternehmen ist nichts Geringeres als ein Paradigmenwechsel, mit dem eine neuartige Unternehmenskultur, ein offene Haltung aller Mitarbeiter, gesteigerte Transparenz und eine zeitgem\u00e4sse Interpretation der gesellschaftlichen Rolle des Unternehmens verbunden ist.<\/i>[\/et_pb_text][\/et_pb_column][\/et_pb_row][\/et_pb_section][et_pb_section fb_built=&#8220;1&#8243; _builder_version=&#8220;4.13.0&#8243; background_color=&#8220;#2c2c2c&#8220; background_color_gradient_start=&#8220;#00343a&#8220; background_color_gradient_end=&#8220;#147a67&#8243; background_color_gradient_direction=&#8220;206deg&#8220; global_colors_info=&#8220;{}&#8220;][et_pb_row _builder_version=&#8220;3.25&#8243; background_size=&#8220;%22initial%22&#8243; background_position=&#8220;%22top_left%22&#8243; background_repeat=&#8220;%22repeat%22&#8243; global_colors_info=&#8220;{}&#8220;][et_pb_column type=&#8220;4_4&#8243; _builder_version=&#8220;3.25&#8243; custom_padding=&#8220;|||&#8220; global_colors_info=&#8220;{}&#8220; custom_padding__hover=&#8220;|||&#8220;][et_pb_cta button_url=&#8220;\/Contact\/&#8220; button_text=&#8220;Kontakt&#8220; _builder_version=&#8220;4.13.0&#8243; body_font=&#8220;Akzidenz-Grotesk Pro -bold|700||on|||||&#8220; body_font_size=&#8220;37px&#8220; use_background_color=&#8220;off&#8220; background_size=&#8220;initial&#8220; background_position=&#8220;top_left&#8220; background_repeat=&#8220;repeat&#8220; custom_button=&#8220;on&#8220; button_bg_color=&#8220;#e200a5&#8243; button_border_width=&#8220;0px&#8220; button_border_radius=&#8220;0px&#8220; button_font=&#8220;Akzidenz-Grotesk Pro -bold|||on|||||&#8220; button_icon=&#8220;&#x35;||divi||400&#8243; button_custom_padding=&#8220;4px|24px|4px|24px|false|false&#8220; hover_enabled=&#8220;0&#8243; global_colors_info=&#8220;{}&#8220; button_text_size__hover_enabled=&#8220;off&#8220; button_one_text_size__hover_enabled=&#8220;off&#8220; button_two_text_size__hover_enabled=&#8220;off&#8220; button_text_color__hover_enabled=&#8220;off&#8220; button_one_text_color__hover_enabled=&#8220;off&#8220; button_two_text_color__hover_enabled=&#8220;off&#8220; button_border_width__hover_enabled=&#8220;off&#8220; button_one_border_width__hover_enabled=&#8220;off&#8220; button_two_border_width__hover_enabled=&#8220;off&#8220; button_border_color__hover_enabled=&#8220;off&#8220; button_one_border_color__hover_enabled=&#8220;off&#8220; button_two_border_color__hover_enabled=&#8220;off&#8220; button_border_radius__hover_enabled=&#8220;off&#8220; button_one_border_radius__hover_enabled=&#8220;off&#8220; button_two_border_radius__hover_enabled=&#8220;off&#8220; button_letter_spacing__hover_enabled=&#8220;off&#8220; button_one_letter_spacing__hover_enabled=&#8220;off&#8220; button_two_letter_spacing__hover_enabled=&#8220;off&#8220; button_bg_color__hover_enabled=&#8220;off&#8220; button_one_bg_color__hover_enabled=&#8220;off&#8220; button_two_bg_color__hover_enabled=&#8220;off&#8220; sticky_enabled=&#8220;0&#8243;]Kontaktieren Sie Bernhard noch heute[\/et_pb_cta][\/et_pb_column][\/et_pb_row][\/et_pb_section]<\/p>\n<!-- AddThis Advanced Settings generic via filter on the_content -->","protected":false},"excerpt":{"rendered":"<p>360\u00b0 Reputation Management bei Sparring PartnersMit ihrer 360\u00b0 Methodologie unterst\u00fctzt Sparring Partners ihre Kunden bei der Verankerung des systemischen Reputation Management-Ansatzes innerhalb der Organisation und Unternehmenskultur.Basierend auf einer qualitativen Untersuchung unter den Stakeholders zur aktuellen Reputation der Organisation und ermittelter Defizite entwickelt Sparring Partners ein holistisches Programm, welches alle Stakeholder und ihre Erwartungen gegen\u00fcber der [&hellip;]<\/p>\n<p><!-- AddThis Advanced Settings generic via filter on get_the_excerpt --><\/p>\n","protected":false},"author":2,"featured_media":0,"parent":0,"menu_order":0,"comment_status":"closed","ping_status":"closed","template":"","meta":{"_et_pb_use_builder":"on","_et_pb_old_content":"","_et_gb_content_width":"","inline_featured_image":false,"_exactmetrics_skip_tracking":false,"_exactmetrics_sitenote_active":false,"_exactmetrics_sitenote_note":"","_exactmetrics_sitenote_category":0,"footnotes":""},"categories":[],"tags":[],"class_list":["post-377","page","type-page","status-publish","hentry"],"yoast_head":"<!-- This site is optimized with the Yoast SEO plugin v24.9 - https:\/\/yoast.com\/wordpress\/plugins\/seo\/ -->\n<title>360 \u00b0 Reputation Management - Reputation Management<\/title>\n<meta name=\"robots\" content=\"index, follow, max-snippet:-1, max-image-preview:large, max-video-preview:-1\" \/>\n<link rel=\"canonical\" href=\"https:\/\/spdev.netgen.host\/de\/360-reputation-management\/\" \/>\n<meta property=\"og:locale\" content=\"de_DE\" \/>\n<meta property=\"og:type\" content=\"article\" \/>\n<meta property=\"og:title\" content=\"360 \u00b0 Reputation Management - Reputation Management\" \/>\n<meta property=\"og:description\" content=\"360\u00b0 Reputation Management bei Sparring PartnersMit ihrer 360\u00b0 Methodologie unterst\u00fctzt Sparring Partners ihre Kunden bei der Verankerung des systemischen Reputation Management-Ansatzes innerhalb der Organisation und Unternehmenskultur.Basierend auf einer qualitativen Untersuchung unter den Stakeholders zur aktuellen Reputation der Organisation und ermittelter Defizite entwickelt Sparring Partners ein holistisches Programm, welches alle Stakeholder und ihre Erwartungen gegen\u00fcber der [&hellip;]\" \/>\n<meta property=\"og:url\" content=\"https:\/\/spdev.netgen.host\/de\/360-reputation-management\/\" \/>\n<meta property=\"og:site_name\" content=\"Reputation Management\" \/>\n<meta property=\"article:modified_time\" content=\"2021-11-09T00:39:08+00:00\" \/>\n<meta name=\"twitter:card\" content=\"summary_large_image\" \/>\n<meta name=\"twitter:label1\" content=\"Gesch\u00e4tzte Lesezeit\" \/>\n\t<meta name=\"twitter:data1\" content=\"3\u00a0Minuten\" \/>\n<script type=\"application\/ld+json\" class=\"yoast-schema-graph\">{\"@context\":\"https:\/\/schema.org\",\"@graph\":[{\"@type\":\"WebPage\",\"@id\":\"https:\/\/spdev.netgen.host\/de\/360-reputation-management\/\",\"url\":\"https:\/\/spdev.netgen.host\/de\/360-reputation-management\/\",\"name\":\"360 \u00b0 Reputation Management - Reputation Management\",\"isPartOf\":{\"@id\":\"https:\/\/spdev.netgen.host\/de\/#website\"},\"datePublished\":\"2018-04-10T15:47:54+00:00\",\"dateModified\":\"2021-11-09T00:39:08+00:00\",\"breadcrumb\":{\"@id\":\"https:\/\/spdev.netgen.host\/de\/360-reputation-management\/#breadcrumb\"},\"inLanguage\":\"de\",\"potentialAction\":[{\"@type\":\"ReadAction\",\"target\":[\"https:\/\/spdev.netgen.host\/de\/360-reputation-management\/\"]}]},{\"@type\":\"BreadcrumbList\",\"@id\":\"https:\/\/spdev.netgen.host\/de\/360-reputation-management\/#breadcrumb\",\"itemListElement\":[{\"@type\":\"ListItem\",\"position\":1,\"name\":\"Home\",\"item\":\"https:\/\/spdev.netgen.host\/de\/\"},{\"@type\":\"ListItem\",\"position\":2,\"name\":\"360 \u00b0 Reputation Management\"}]},{\"@type\":\"WebSite\",\"@id\":\"https:\/\/spdev.netgen.host\/de\/#website\",\"url\":\"https:\/\/spdev.netgen.host\/de\/\",\"name\":\"Reputation Management\",\"description\":\"360\u00b0 Reputation Management by Sparring Partners\",\"potentialAction\":[{\"@type\":\"SearchAction\",\"target\":{\"@type\":\"EntryPoint\",\"urlTemplate\":\"https:\/\/spdev.netgen.host\/de\/?s={search_term_string}\"},\"query-input\":{\"@type\":\"PropertyValueSpecification\",\"valueRequired\":true,\"valueName\":\"search_term_string\"}}],\"inLanguage\":\"de\"}]}<\/script>\n<!-- \/ Yoast SEO plugin. -->","yoast_head_json":{"title":"360 \u00b0 Reputation Management - Reputation Management","robots":{"index":"index","follow":"follow","max-snippet":"max-snippet:-1","max-image-preview":"max-image-preview:large","max-video-preview":"max-video-preview:-1"},"canonical":"https:\/\/spdev.netgen.host\/de\/360-reputation-management\/","og_locale":"de_DE","og_type":"article","og_title":"360 \u00b0 Reputation Management - Reputation Management","og_description":"360\u00b0 Reputation Management bei Sparring PartnersMit ihrer 360\u00b0 Methodologie unterst\u00fctzt Sparring Partners ihre Kunden bei der Verankerung des systemischen Reputation Management-Ansatzes innerhalb der Organisation und Unternehmenskultur.Basierend auf einer qualitativen Untersuchung unter den Stakeholders zur aktuellen Reputation der Organisation und ermittelter Defizite entwickelt Sparring Partners ein holistisches Programm, welches alle Stakeholder und ihre Erwartungen gegen\u00fcber der [&hellip;]","og_url":"https:\/\/spdev.netgen.host\/de\/360-reputation-management\/","og_site_name":"Reputation Management","article_modified_time":"2021-11-09T00:39:08+00:00","twitter_card":"summary_large_image","twitter_misc":{"Gesch\u00e4tzte Lesezeit":"3\u00a0Minuten"},"schema":{"@context":"https:\/\/schema.org","@graph":[{"@type":"WebPage","@id":"https:\/\/spdev.netgen.host\/de\/360-reputation-management\/","url":"https:\/\/spdev.netgen.host\/de\/360-reputation-management\/","name":"360 \u00b0 Reputation Management - Reputation Management","isPartOf":{"@id":"https:\/\/spdev.netgen.host\/de\/#website"},"datePublished":"2018-04-10T15:47:54+00:00","dateModified":"2021-11-09T00:39:08+00:00","breadcrumb":{"@id":"https:\/\/spdev.netgen.host\/de\/360-reputation-management\/#breadcrumb"},"inLanguage":"de","potentialAction":[{"@type":"ReadAction","target":["https:\/\/spdev.netgen.host\/de\/360-reputation-management\/"]}]},{"@type":"BreadcrumbList","@id":"https:\/\/spdev.netgen.host\/de\/360-reputation-management\/#breadcrumb","itemListElement":[{"@type":"ListItem","position":1,"name":"Home","item":"https:\/\/spdev.netgen.host\/de\/"},{"@type":"ListItem","position":2,"name":"360 \u00b0 Reputation Management"}]},{"@type":"WebSite","@id":"https:\/\/spdev.netgen.host\/de\/#website","url":"https:\/\/spdev.netgen.host\/de\/","name":"Reputation Management","description":"360\u00b0 Reputation Management by Sparring Partners","potentialAction":[{"@type":"SearchAction","target":{"@type":"EntryPoint","urlTemplate":"https:\/\/spdev.netgen.host\/de\/?s={search_term_string}"},"query-input":{"@type":"PropertyValueSpecification","valueRequired":true,"valueName":"search_term_string"}}],"inLanguage":"de"}]}},"_links":{"self":[{"href":"https:\/\/spdev.netgen.host\/de\/wp-json\/wp\/v2\/pages\/377","targetHints":{"allow":["GET"]}}],"collection":[{"href":"https:\/\/spdev.netgen.host\/de\/wp-json\/wp\/v2\/pages"}],"about":[{"href":"https:\/\/spdev.netgen.host\/de\/wp-json\/wp\/v2\/types\/page"}],"author":[{"embeddable":true,"href":"https:\/\/spdev.netgen.host\/de\/wp-json\/wp\/v2\/users\/2"}],"replies":[{"embeddable":true,"href":"https:\/\/spdev.netgen.host\/de\/wp-json\/wp\/v2\/comments?post=377"}],"version-history":[{"count":14,"href":"https:\/\/spdev.netgen.host\/de\/wp-json\/wp\/v2\/pages\/377\/revisions"}],"predecessor-version":[{"id":1450,"href":"https:\/\/spdev.netgen.host\/de\/wp-json\/wp\/v2\/pages\/377\/revisions\/1450"}],"wp:attachment":[{"href":"https:\/\/spdev.netgen.host\/de\/wp-json\/wp\/v2\/media?parent=377"}],"wp:term":[{"taxonomy":"category","embeddable":true,"href":"https:\/\/spdev.netgen.host\/de\/wp-json\/wp\/v2\/categories?post=377"},{"taxonomy":"post_tag","embeddable":true,"href":"https:\/\/spdev.netgen.host\/de\/wp-json\/wp\/v2\/tags?post=377"}],"curies":[{"name":"wp","href":"https:\/\/api.w.org\/{rel}","templated":true}]}}